{"id":949,"date":"2023-08-02T17:26:14","date_gmt":"2023-08-02T17:26:14","guid":{"rendered":"https:\/\/allstaraluminum.com\/?page_id=949"},"modified":"2023-08-02T17:30:52","modified_gmt":"2023-08-02T17:30:52","slug":"privacy-policies","status":"publish","type":"page","link":"https:\/\/allstaraluminum.com\/es\/privacy-policies\/","title":{"rendered":"POL\u00cdTICAS DE PRIVACIDAD"},"content":{"rendered":"<div data-elementor-type=\"wp-page\" data-elementor-id=\"949\" class=\"elementor elementor-949\" data-elementor-post-type=\"page\">\n\t\t\t\t\t\t<section class=\"elementor-section elementor-top-section elementor-element elementor-element-14630fc elementor-section-boxed elementor-section-height-default elementor-section-height-default\" data-id=\"14630fc\" data-element_type=\"section\" data-settings=\"{&quot;background_background&quot;:&quot;classic&quot;}\">\n\t\t\t\t\t\t<div class=\"elementor-container elementor-column-gap-default\">\n\t\t\t\t\t<div class=\"elementor-column elementor-col-33 elementor-top-column elementor-element elementor-element-427ad7f\" data-id=\"427ad7f\" data-element_type=\"column\">\n\t\t\t<div class=\"elementor-widget-wrap\">\n\t\t\t\t\t\t\t<\/div>\n\t\t<\/div>\n\t\t\t\t<div class=\"elementor-column elementor-col-33 elementor-top-column elementor-element elementor-element-6968ae7\" data-id=\"6968ae7\" data-element_type=\"column\">\n\t\t\t<div class=\"elementor-widget-wrap elementor-element-populated\">\n\t\t\t\t\t\t<div class=\"elementor-element elementor-element-d8809ab elementor-widget elementor-widget-text-editor\" data-id=\"d8809ab\" data-element_type=\"widget\" data-widget_type=\"text-editor.default\">\n\t\t\t\t<div class=\"elementor-widget-container\">\n\t\t\t\t\t\t\t\t\t<h1><b>POL\u00cdTICAS DE PRIVACIDAD:<\/b><\/h1>\n<p><span style=\"font-weight: 400;\">Por favor, lea la siguiente informaci\u00f3n sobre los datos que recopilamos sobre usted cuando visita la web <\/span><b>All Star Ventanas y Puertas de Aluminio <\/b><span style=\"font-weight: 400;\">qu\u00e9 hacemos con esa informaci\u00f3n y c\u00f3mo puede cambiar la informaci\u00f3n que tenemos.<\/span><\/p>\n<p><b>C\u00d3MO Y QU\u00c9 INFORMACI\u00d3N SE RECOGE<\/b><\/p>\n<p><b>All Star Ventanas y Puertas de Aluminio <\/b><span style=\"font-weight: 400;\">recoge informaci\u00f3n de nuestros visitantes en l\u00ednea de forma voluntaria. Los visitantes pueden proporcionar esta informaci\u00f3n de muchas formas, como inscribi\u00e9ndose en concursos, respondiendo a encuestas, realizando pedidos o registr\u00e1ndose en promociones en l\u00ednea. Esta informaci\u00f3n puede incluir el nombre, la direcci\u00f3n, el n\u00famero de tel\u00e9fono, la fecha de nacimiento, la direcci\u00f3n de correo electr\u00f3nico, las preferencias de producto, las preferencias de tienda y otros elementos incluidos en <\/span><b>All Star Ventanas y Puertas de Aluminio<\/b><span style=\"font-weight: 400;\"> formularios de inscripci\u00f3n.<\/span><\/p>\n<p><b>C\u00d3MO UTILIZAMOS LA INFORMACI\u00d3N RECOGIDA<\/b><\/p>\n<p><b>All Star Ventanas y Puertas de Aluminio<\/b><span style=\"font-weight: 400;\"> utiliza la informaci\u00f3n que recopila para:<\/span><\/p>\n<p><span style=\"font-weight: 400;\">Responder a solicitudes directas, como la participaci\u00f3n de los consumidores en encuestas o el env\u00edo de boletines informativos, o atender pedidos de productos.<\/span><\/p>\n<p><span style=\"font-weight: 400;\">Mejorar nuestro sitio web y nuestras pr\u00e1cticas y conocimientos de marketing, bas\u00e1ndonos en los datos demogr\u00e1ficos y las preferencias de los consumidores.<\/span><\/p>\n<p><span style=\"font-weight: 400;\">Enviar a los visitantes informaci\u00f3n sobre productos, servicios, patrocinadores, eventos y\/o concursos relacionados con nuestros productos, nuestra empresa y nuestro sitio web.<\/span><\/p>\n<p><span style=\"font-weight: 400;\">Enviar a los visitantes informaci\u00f3n sobre productos, servicios y eventos de empresas que participan en programas de marketing con <\/span><b>All Star Ventanas y Puertas de Aluminio<\/b><span style=\"font-weight: 400;\">, en relaci\u00f3n con las preferencias declaradas por los visitantes.<\/span><\/p>\n<p><b>COMPARTIR INFORMACI\u00d3N<\/b><\/p>\n<p><span style=\"font-weight: 400;\">Aunque hacemos todo lo posible por preservar la privacidad del usuario, es posible que tengamos que compartir su informaci\u00f3n si as\u00ed lo exige la ley. Por lo dem\u00e1s, no compartimos la informaci\u00f3n personal de los visitantes con terceros.<\/span><\/p>\n<p><b>C\u00d3MO PROTEGEMOS LA INFORMACI\u00d3N RECOGIDA<\/b><\/p>\n<p><span style=\"font-weight: 400;\">Toda la informaci\u00f3n de los visitantes est\u00e1 contenida tras redes seguras y s\u00f3lo es accesible por un n\u00famero limitado de empleados que tienen derechos especiales de acceso a dichos sistemas. Si un visitante facilita informaci\u00f3n sobre su tarjeta de cr\u00e9dito, dicha informaci\u00f3n se transmite a trav\u00e9s de la tecnolog\u00eda Secure Socket Layer (SSL) y, a continuaci\u00f3n, se cifra en nuestras bases de datos para ser utilizada y accedida \u00fanicamente como se describe en la presente Pol\u00edtica de Privacidad.<\/span><\/p>\n<p><span style=\"font-weight: 400;\">La capacidad de los visitantes para acceder a la informaci\u00f3n y modificarla, as\u00ed como para optar por no recibir futuras comunicaciones.<\/span><\/p>\n<p><span style=\"font-weight: 400;\">Un visitante puede, previa solicitud por correo electr\u00f3nico, acceder o modificar la informaci\u00f3n que <\/span><b>All Star Ventanas y Puertas de Aluminio<\/b><span style=\"font-weight: 400;\"> mantiene sobre \u00e9l o ella. El visitante debe enviar un correo electr\u00f3nico a <\/span><b>allstaraluminum@gmail.com<\/b><span style=\"font-weight: 400;\">. Tenga en cuenta que los cambios pueden tardar hasta 8 semanas en hacerse efectivos.<\/span><\/p>\n<p><span style=\"font-weight: 400;\">En caso de cambios o solicitudes de exclusi\u00f3n voluntaria, <\/span><b>All Star Ventanas y Puertas de Aluminio<\/b><span style=\"font-weight: 400;\"> podr\u00e1 conservar la informaci\u00f3n necesaria para el mantenimiento de registros relativos a transacciones anteriores.<\/span><\/p>\n<p><span style=\"font-weight: 400;\">Puede darse de baja en cualquier momento envi\u00e1ndonos un correo electr\u00f3nico a <\/span><b>allstaraluminum.com<\/b><span style=\"font-weight: 400;\"> con \"unsubscribe\" en el asunto.<\/span><\/p>\n<p><b>CIERTAS LEGALIDADES<\/b><\/p>\n<p><span style=\"font-weight: 400;\">Al utilizar este sitio web, usted acepta los t\u00e9rminos de esta Pol\u00edtica de Privacidad. Si no est\u00e1 de acuerdo con alguno de los t\u00e9rminos de esta Pol\u00edtica de Privacidad, le rogamos que deje de utilizar este sitio y no nos facilite ninguna informaci\u00f3n personal. <\/span><b>All Star Ventanas y Puertas de Aluminio<\/b><span style=\"font-weight: 400;\"> se reserva el derecho a realizar cambios en esta Pol\u00edtica de Privacidad. Por favor, revise esta Pol\u00edtica de Privacidad de vez en cuando para asegurarse de que est\u00e1 de acuerdo con sus t\u00e9rminos. El uso continuado del sitio por parte de los visitantes significa que siguen aceptando los t\u00e9rminos de esta Pol\u00edtica de Privacidad, en su versi\u00f3n actualizada o modificada de vez en cuando. Esta Pol\u00edtica de Privacidad y todos sus gr\u00e1ficos, fotograf\u00edas, logotipos, marcas registradas y dem\u00e1s propiedad intelectual son propiedad de <\/span><b>All Star Ventanas y Puertas de Aluminio<\/b><span style=\"font-weight: 400;\"> y est\u00e1n protegidos por derechos de autor, marcas registradas y otras leyes de propiedad intelectual. Queda prohibida la reproducci\u00f3n de cualquier <\/span><b>All Star Ventanas y Puertas de Aluminio <\/b><span style=\"font-weight: 400;\">intelectual en este sitio web o en esta Pol\u00edtica de Privacidad sin el consentimiento expreso por escrito de <\/span><b>All Star Aluminum Window &amp; Door.<\/b><\/p>\n<p><span style=\"font-weight: 400;\">Gracias por tomarse el tiempo de revisar esta importante informaci\u00f3n sobre nuestra Pol\u00edtica de Privacidad.<\/span><\/p>\t\t\t\t\t\t\t\t<\/div>\n\t\t\t\t<\/div>\n\t\t\t\t\t<\/div>\n\t\t<\/div>\n\t\t\t\t<div class=\"elementor-column elementor-col-33 elementor-top-column elementor-element elementor-element-a5c4c42\" data-id=\"a5c4c42\" data-element_type=\"column\">\n\t\t\t<div class=\"elementor-widget-wrap\">\n\t\t\t\t\t\t\t<\/div>\n\t\t<\/div>\n\t\t\t\t\t<\/div>\n\t\t<\/section>\n\t\t\t\t<\/div>","protected":false},"excerpt":{"rendered":"<p>PRIVACY POLICIES: Please read the following information about the information we collect about you when you visit the All Star Aluminum Window &amp; Door website, what we do with that information, and how you can change the information we hold. HOW AND WHAT INFORMATION IS COLLECTED All Star Aluminum Window &amp; Door collects information from [&hellip;]<\/p>\n","protected":false},"author":1,"featured_media":0,"parent":0,"menu_order":0,"comment_status":"closed","ping_status":"closed","template":"","meta":{"_joinchat":[],"footnotes":""},"folder":[],"class_list":["post-949","page","type-page","status-publish","hentry"],"_links":{"self":[{"href":"https:\/\/allstaraluminum.com\/es\/wp-json\/wp\/v2\/pages\/949","targetHints":{"allow":["GET"]}}],"collection":[{"href":"https:\/\/allstaraluminum.com\/es\/wp-json\/wp\/v2\/pages"}],"about":[{"href":"https:\/\/allstaraluminum.com\/es\/wp-json\/wp\/v2\/types\/page"}],"author":[{"embeddable":true,"href":"https:\/\/allstaraluminum.com\/es\/wp-json\/wp\/v2\/users\/1"}],"replies":[{"embeddable":true,"href":"https:\/\/allstaraluminum.com\/es\/wp-json\/wp\/v2\/comments?post=949"}],"version-history":[{"count":11,"href":"https:\/\/allstaraluminum.com\/es\/wp-json\/wp\/v2\/pages\/949\/revisions"}],"predecessor-version":[{"id":960,"href":"https:\/\/allstaraluminum.com\/es\/wp-json\/wp\/v2\/pages\/949\/revisions\/960"}],"wp:attachment":[{"href":"https:\/\/allstaraluminum.com\/es\/wp-json\/wp\/v2\/media?parent=949"}],"wp:term":[{"taxonomy":"folder","embeddable":true,"href":"https:\/\/allstaraluminum.com\/es\/wp-json\/wp\/v2\/folder?post=949"}],"curies":[{"name":"wp","href":"https:\/\/api.w.org\/{rel}","templated":true}]}}